{"id":7,"date":"2023-07-13T20:47:56","date_gmt":"2023-07-13T20:47:56","guid":{"rendered":"https:\/\/hightexsoftware.com\/?page_id=7"},"modified":"2025-05-05T08:44:46","modified_gmt":"2025-05-05T08:44:46","slug":"sample-page-espanol","status":"publish","type":"page","link":"https:\/\/hightexsoftware.com\/?page_id=7&lang=es","title":{"rendered":"Home"},"content":{"rendered":"\n<p>Hightex desarrolla soluciones de software para la impresi\u00f3n digital textil desde 1991.<\/p>\n\n\n\n<p>Se aplican desarrollos espec\u00edficos del cliente para flujos de trabajo automatizados en los \u00e1mbitos de la gesti\u00f3n del color y la impresi\u00f3n digital. Los c\u00e1lculos colorim\u00e9tricos, la calibraci\u00f3n de impresoras y el control de calidad se basan en datos espectrales.<\/p>\n\n\n\n<p><\/p>\n","protected":false},"excerpt":{"rendered":"<p>Hightex desarrolla soluciones de software para la impresi\u00f3n digital textil desde 1991. Se aplican desarrollos espec\u00edficos del cliente para flujos de trabajo automatizados en los \u00e1mbitos de la gesti\u00f3n del color y la impresi\u00f3n digital. Los c\u00e1lculos colorim\u00e9tricos, la calibraci\u00f3n de impresoras y el control de calidad se basan en datos espectrales.<\/p>\n","protected":false},"author":1,"featured_media":0,"parent":0,"menu_order":0,"comment_status":"closed","ping_status":"closed","template":"","meta":{"footnotes":""},"class_list":["post-7","page","type-page","status-publish","hentry"],"_links":{"self":[{"href":"https:\/\/hightexsoftware.com\/index.php?rest_route=\/wp\/v2\/pages\/7","targetHints":{"allow":["GET"]}}],"collection":[{"href":"https:\/\/hightexsoftware.com\/index.php?rest_route=\/wp\/v2\/pages"}],"about":[{"href":"https:\/\/hightexsoftware.com\/index.php?rest_route=\/wp\/v2\/types\/page"}],"author":[{"embeddable":true,"href":"https:\/\/hightexsoftware.com\/index.php?rest_route=\/wp\/v2\/users\/1"}],"replies":[{"embeddable":true,"href":"https:\/\/hightexsoftware.com\/index.php?rest_route=%2Fwp%2Fv2%2Fcomments&post=7"}],"version-history":[{"count":6,"href":"https:\/\/hightexsoftware.com\/index.php?rest_route=\/wp\/v2\/pages\/7\/revisions"}],"predecessor-version":[{"id":113,"href":"https:\/\/hightexsoftware.com\/index.php?rest_route=\/wp\/v2\/pages\/7\/revisions\/113"}],"wp:attachment":[{"href":"https:\/\/hightexsoftware.com\/index.php?rest_route=%2Fwp%2Fv2%2Fmedia&parent=7"}],"curies":[{"name":"wp","href":"https:\/\/api.w.org\/{rel}","templated":true}]}}